{"id":66,"date":"2014-05-09T14:54:12","date_gmt":"2014-05-09T12:54:12","guid":{"rendered":"http:\/\/www.koubska.com\/?page_id=66"},"modified":"2024-08-09T17:46:06","modified_gmt":"2024-08-09T15:46:06","slug":"bibliografie","status":"publish","type":"page","link":"https:\/\/www.koubska.com\/?page_id=66","title":{"rendered":"Medailonek"},"content":{"rendered":"<p style=\"color: #252525;\">Ilustr\u00e1torka a v\u00fdtvarnice Mgr. Patricie Koubsk\u00e1 (*1973) se narodila v Kol\u00edn\u011b, vystudovala V\u00fdtvarnou \u0161kolu V\u00e1clava Hollara a pozd\u011bji Speci\u00e1ln\u00ed pedagogiku na PedF UK.<\/p>\n<p style=\"color: #252525;\">S nakladatelstv\u00edm Port\u00e1l autorsky i ilustra\u010dn\u011b spolupracuje na mnoha knih\u00e1ch a pracovn\u00edch listech, p\u0159edev\u0161\u00edm ve spojitosti s p\u0159ed\u0161koln\u00ed pedagogikou, krom\u011b Port\u00e1lu pravideln\u011b spolupracuje i s nakladatelstv\u00edmi Fragment \u010di Nov\u00e9 M\u011bsto. Je \u010dlenkou St\u0159edo\u010desk\u00e9ho sdru\u017een\u00ed v\u00fdtvarn\u00edk\u016f.<\/p>\n<p style=\"color: #252525;\">Pracovala dlouhou dobu ve \u0161kolstv\u00ed, naposledy jako u\u010ditelka v M\u0160 u sv. Jakuba v Kutn\u00e9 Ho\u0159e. Nejrad\u011bji se v\u011bnuje klasick\u00e9 kresb\u011b tu\u017ekou, malb\u011b akrylov\u00fdmi barvami, ale nevyh\u00fdb\u00e1 se ani netradi\u010dn\u00edm technik\u00e1m, nap\u0159. tu\u017ekou na o\u010di.<\/p>\n<p>Vybran\u00e1 bibliografie:<\/p>\n<p style=\"font-weight: 400;\">Knihy ve spolupr\u00e1ci s nakladatelstv\u00edm Port\u00e1l:<\/p>\n<ol>\n<li>BAXOV\u00c1, Miroslava.&nbsp;<em>Hrajeme si, nezlob\u00edme, o sv\u011bt\u011b pak leccos v\u00edme: aktivity pro cel\u00fd rok<\/em>. Ilustroval Patricie KOUBSK\u00c1. Praha: Port\u00e1l, 2019. ISBN 978-80-262-1518-9.<\/li>\n<li>BOROV\u00c1, Blanka; TRPI\u0160OVSK\u00c1, Dana; SKOUMALOV\u00c1, Simona a SMEJKALOV\u00c1, V\u011bra.&nbsp;<em>Cvi\u010d\u00edme s mal\u00fdmi d\u011btmi: n\u00e1m\u011bty pro rozvoj pohybov\u00fdch dovednost\u00ed d\u011bt\u00ed od 3 do 8 let<\/em>. Ilustroval Patricie KOUBSK\u00c1. Praha: Port\u00e1l, 1998. ISBN 80-7178-223-8.<\/li>\n<li>FO\u0160ENBAUEROV\u00c1, Eva.&nbsp;<em>Vesel\u00fd rok s poh\u00e1dkami: hry a aktivity pro rozvoj \u0161koln\u00edch kompetenc\u00ed<\/em>. Ilustroval Patricie KOUBSK\u00c1. Praha: Port\u00e1l, 2016. ISBN 978-80-262-1129-7.<\/li>\n<li>HAN\u0160PACHOV\u00c1, Jana a K\u0158\u00cd\u017dOV\u00c1, Zde\u0148ka.&nbsp;<em>Angli\u010dtina v \u0159\u00edkadlech<\/em>. Ilustroval Patricie KOUBSK\u00c1. Praha: Port\u00e1l, 2009. ISBN 978-80-7367-579-0.<\/li>\n<li>HAVL\u00cd\u010cKOV\u00c1, Jana a EICHLEROV\u00c1, Ilona.&nbsp;<em>Logopedick\u00e9 h\u00e1danky: ver\u0161ovan\u00e9 dopl\u0148ova\u010dky k procvi\u010dov\u00e1n\u00ed v\u00fdslovnosti<\/em>. Ilustroval Patricie KOUBSK\u00c1. Praha: Port\u00e1l, 2014. ISBN 978-80-262-0715-3.<\/li>\n<li>HOROV\u00c1, Ladislava.&nbsp;<em>Kamar\u00e1di z h\u00e1jenky: hry a aktivity pro rozvoj pohybov\u00fdch schopnost\u00ed p\u0159ed\u0161koln\u00edch d\u011bt\u00ed<\/em>. Ilustroval Patricie KOUBSK\u00c1. Praha: Port\u00e1l, 2016. ISBN 978-80-262-1008-5.<\/li>\n<li>HOROV\u00c1, Ladislava.&nbsp;<em>V\u011bci, kter\u00e9 dob\u0159e zn\u00e1me, do \u0159\u00edkanky zam\u00edch\u00e1me<\/em>. Ilustroval Patricie KOUBSK\u00c1. Praha: Port\u00e1l, 2017. ISBN 978-80-262-1255-3.<\/li>\n<li>HRUB\u00cdNOV\u00c1, Mark\u00e9ta Agnes.&nbsp;<em>Co mi pov\u00ed\u0161, Mat\u011bji?: rozv\u00edj\u00edme \u0159e\u010d p\u0159ed\u0161koln\u00edch d\u011bt\u00ed<\/em>. Ilustroval Patricie KOUBSK\u00c1. Praha: Port\u00e1l, 2010. ISBN 978-80-7367-658-2.<\/li>\n<li>KIRCHNEROV\u00c1, Veronika a RUBE\u0160OV\u00c1, Radka.&nbsp;<em>V\u00fdchova pro\u017eitkem: tvo\u0159iv\u00e9 hry a \u010dinnosti pro mate\u0159sk\u00e9 \u0161koly<\/em>. Ilustroval Patricie KOUBSK\u00c1. Praha: Port\u00e1l, 2013. ISBN 978-80-262-0505-0.<\/li>\n<li>KI\u0160OV\u00c1, Hana.&nbsp;<em>Hr\u00e1tky s batol\u00e1tky: pov\u00edd\u00e1me si a cvi\u010d\u00edme s d\u011btmi do 4 let<\/em>. Ilustroval Patricie KOUBSK\u00c1. Praha: Port\u00e1l, 2010. ISBN 978-80-7367-762-6.<\/li>\n<li>KOM\u00c1RKOV\u00c1, \u0160\u00e1rka.&nbsp;<em>Muzikopoh\u00e1dky<\/em>. Ilustroval Patricie KOUBSK\u00c1. Praha: Port\u00e1l, 2021. ISBN 978-80-262-1729-9.<\/li>\n<li>KO\u0160EK BARTO\u0160OV\u00c1, Iva a K\u0158OV\u00c1\u010cKOV\u00c1, Blanka.&nbsp;<em>\u0160imonovy pracovn\u00ed listy: p\u0159edlohy pro kop\u00edrov\u00e1n\u00ed<\/em>. 26, U\u017e se t\u011b\u0161\u00edm do \u0161koly. Ilustroval Patricie KOUBSK\u00c1. Praha: Port\u00e1l, 2018. ISBN 978-80-262-1337-6.<\/li>\n<li>KOUBSK\u00c1, Patricie.&nbsp;<em>P\u0159evleky a masky pro ka\u017edou p\u0159\u00edle\u017eitost<\/em>. Praha: Port\u00e1l, 2011. ISBN 978-80-7367-842-5.<\/li>\n<li>KULH\u00c1NKOV\u00c1, Eva.&nbsp;<em>Cvi\u010d\u00edme pro radost<\/em>. Ilustroval Patricie KOUBSK\u00c1. Praha: Port\u00e1l, 2007. ISBN 978-80-7367-333-8.<\/li>\n<li>KULH\u00c1NKOV\u00c1, Eva.&nbsp;<em>Hudebn\u011b pohybov\u00e1 v\u00fdchova: metodick\u00e1 p\u0159\u00edru\u010dka pro hudebn\u00ed v\u00fdchovu ve \u0161kole<\/em>. Ilustroval Patricie KOUBSK\u00c1. Praha: Port\u00e1l, 2000. ISBN 80-7178-437-0.<\/li>\n<li>KULH\u00c1NKOV\u00c1, Eva.&nbsp;<em>P\u00edsni\u010dky a \u0159\u00edkadla s tancem: n\u00e1m\u011bty pro pohybovou v\u00fdchovu d\u011bt\u00ed od 3 do 10 let<\/em>. Vyd. 4. Ilustroval Patricie KOUBSK\u00c1. Praha: Port\u00e1l, 2008. ISBN 978-80-7367-515-8.<\/li>\n<li>KULH\u00c1NKOV\u00c1, Eva.&nbsp;<em>P\u00edsni\u010dky a \u0159\u00edkadla s tancem: n\u00e1m\u011bty pro pohybovou v\u00fdchovu d\u011bt\u00ed od 3 do 10 let<\/em>. Vyd. 3. Ilustroval Patricie KOUBSK\u00c1. Praha: Port\u00e1l, 2006, c1999. ISBN 80-7367-171-9.<\/li>\n<li>KULH\u00c1NKOV\u00c1, Eva.&nbsp;<em>\u0158emesla ve h\u0159e, p\u00edsni a tanci<\/em>. Ilustroval Patricie KOUBSK\u00c1. Praha: Port\u00e1l, 2009. ISBN 978-80-7367-535-6.<\/li>\n<li>LIPNICK\u00c1, Milena.&nbsp;<em>Logopedick\u00e1 prevence v mate\u0159sk\u00e9 \u0161kole<\/em>. Ilustroval Patricie KOUBSK\u00c1. Praha: Port\u00e1l, 2013. ISBN 978-80-262-0381-0.<\/li>\n<li>MARKALOUSOV\u00c1, Kate\u0159ina.&nbsp;<em>\u0160punti ve \u0161kolce: celoro\u010dn\u00ed aktivity pro d\u011bti od dvou let<\/em>. Ilustroval Patricie KOUBSK\u00c1. Praha: Port\u00e1l, 2020. ISBN 978-80-262-1592-9.<\/li>\n<li>ML\u010cOCHOV\u00c1, Mark\u00e9ta.&nbsp;<em>Pov\u00edd\u00e1m, pov\u00edd\u00e1m poh\u00e1dku: pracovn\u00ed se\u0161it pro rozvoj vyjad\u0159ovac\u00edch dovednost\u00ed p\u0159ed\u0161kol\u00e1k\u016f<\/em>. Ilustroval Patricie KOUBSK\u00c1. Praha: Port\u00e1l, 2016. ISBN 978-80-262-1103-7.<\/li>\n<li>NIKODEMOV\u00c1, Monika.&nbsp;<em>J\u00f3ga ve \u0161kolce: pohybov\u00e9 hry a aktivity inspirovan\u00e9 j\u00f3gou pro p\u0159ed\u0161koln\u00ed d\u011bti<\/em>. Ilustroval Patricie KOUBSK\u00c1. Praha: Port\u00e1l, 2014. ISBN 978-80-262-0623-1.<\/li>\n<li>OTTOMANSK\u00c1, Vladim\u00edra.&nbsp;<em>Kdy\u017e se \u0159ekne rozcvi\u010dka: pohybov\u00e9 aktivity pro p\u0159ed\u0161koln\u00ed d\u011bti<\/em>. Ilustroval Patricie KOUBSK\u00c1. Praha: Port\u00e1l, 2019. ISBN 978-80-262-1439-7.<\/li>\n<li>SLEZ\u00c1KOV\u00c1, Kate\u0159ina.&nbsp;<em>Nen\u00ed hl\u00e1ska jako hl\u00e1ska: pracovn\u00ed listy pro rozvoj fonematick\u00e9ho sluchu<\/em>. Ilustroval Patricie KOUBSK\u00c1. Praha: Port\u00e1l, 2017. ISBN 978-80-262-1200-3.<\/li>\n<li>T\u011aTHALOV\u00c1, Marie.&nbsp;<em>\u0160imonovy pracovn\u00ed listy<\/em>. 25, Hrav\u00e1 grafomotorika: pro prav\u00e1ky i lev\u00e1ky. Ilustroval Patricie KOUBSK\u00c1. Praha: Port\u00e1l, 2017. ISBN 978-80-262-1189-1.<\/li>\n<li>TRANTINOV\u00c1, Marcela; BARTO\u0160OV\u00c1, Marie; DVO\u0158\u00c1KOV\u00c1, Petra a ZETKOV\u00c1, Jana.&nbsp;<em>N\u00e1padn\u00ed\u010dek 2: celoro\u010dn\u00ed pl\u00e1n aktivit pro mate\u0159sk\u00e9 \u0161koly<\/em>. Ilustroval Patricie KOUBSK\u00c1. Praha: Port\u00e1l, 2021. ISBN 978-80-262-1964-4.<\/li>\n<li>TRANTINOV\u00c1, Marcela; BARTO\u0160OV\u00c1, Marie; DVO\u0158\u00c1KOV\u00c1, Petra a ZETKOV\u00c1, Jana.&nbsp;<em>N\u00e1padn\u00ed\u010dek: celoro\u010dn\u00ed pl\u00e1n aktivit pro mate\u0159sk\u00e9 \u0161koly<\/em>. Ilustrovala Patricie KOUBSK\u00c1. Praha: Port\u00e1l, 2021. ISBN 978-80-262-1795-4.<\/li>\n<li>TU\u010cKOV\u00c1, Jitka.&nbsp;<em>\u0158\u00edkanky pro upevn\u011bn\u00ed hl\u00e1sek C, S, Z<\/em>. Ilustrovala Patricie KOUBSK\u00c1. Praha: Port\u00e1l, 2013. ISBN 978-80-262-0508-1.<\/li>\n<li>TU\u010cKOV\u00c1, Jitka.&nbsp;<em>\u0158\u00edkanky pro upevn\u011bn\u00ed hl\u00e1sek \u010c, \u0160, \u017d<\/em>. Ilustrovala Patricie KOUBSK\u00c1. Praha: Port\u00e1l, 2014. ISBN 978-80-262-0699-6.<\/li>\n<li>TU\u010cKOV\u00c1, Jitka.&nbsp;<em>\u0158\u00edkanky pro upevn\u011bn\u00ed hl\u00e1sek H, CH, K, G a m\u011bk\u010den\u00ed<\/em>. Ilustrovala Patricie KOUBSK\u00c1. Praha: Port\u00e1l, 2011. ISBN 978-80-7367-844-9.<\/li>\n<li>TU\u010cKOV\u00c1, Jitka.&nbsp;<em>\u0158\u00edkanky pro upevn\u011bn\u00ed hl\u00e1sky L<\/em>. Ilustrovala Patricie KOUBSK\u00c1. Praha: Port\u00e1l, 2012. ISBN 978-80-262-0186-1.<\/li>\n<li>TU\u010cKOV\u00c1, Jitka.&nbsp;<em>\u0158\u00edkej si a hraj: metodick\u00e1 p\u0159\u00edru\u010dka a cvi\u010den\u00ed pro prevenci poruch v\u00fdslovnosti<\/em>. Ilustrovala Patricie KOUBSK\u00c1. Praha: Port\u00e1l, 2017. ISBN 978-80-262-1176-1.<\/li>\n<li>VONDROV\u00c1, Petra.&nbsp;<em>T\u0159\u00edda pln\u00e1 barev: celoro\u010dn\u00ed projekt pro M\u0160<\/em>. Ilustrovala Patricie KOUBSK\u00c1. Praha: Port\u00e1l, 2021. ISBN 978-80-262-1744-2.<\/li>\n<li>ZELINKOV\u00c1, Olga.&nbsp;<em>U\u010d\u00edme se po\u010d\u00edtat: pracovn\u00ed listy pro prevenci dyskalkulie<\/em>. Ilustrovala Patricie KOUBSK\u00c1. Praha: Port\u00e1l, 2018. ISBN 978-80-262-1406-9.<\/li>\n<\/ol>\n<p style=\"font-weight: 400;\">Knihy ve spolupr\u00e1ci v s nakladatelstv\u00edm Grada:<\/p>\n<ol>\n<li>KI\u0160OV\u00c1, Hana a MAL\u00c1, Hana.&nbsp;<em>Cvi\u010d\u00edme, posilujeme a hrajeme si s d\u011btmi<\/em>. Ilustroval Patricie KOUBSK\u00c1. Praha: Grada, 2012. ISBN 978-80-247-3977-9.<\/li>\n<\/ol>\n<p style=\"font-weight: 400;\">Knihy ve spolupr\u00e1ci s nakladatelstv\u00edm Fragment:<\/p>\n<ol>\n<li>KOUBSK\u00c1, Patricie.&nbsp;<em>Grafomotorika pro prv\u0148\u00e1ky: dobrodru\u017estv\u00ed divo\u010d\u00e1ka Fandy<\/em>. V Praze: Fragment, 2019. ISBN 978-80-253-4276-3.<\/li>\n<li>KOUBSK\u00c1, Patricie.&nbsp;<em>Grafomotorika pro p\u0159ed\u0161kol\u00e1ky: jak se stal Fanda kr\u00e1lem lesa<\/em>. V Praze: Fragment, 2021. ISBN 978-80-253-5035-5.<\/li>\n<li>KOPCZYKOV\u00c1, Vla\u010fka.&nbsp;<em>Maminko, p\u0159e\u010dtu ti poh\u00e1dku<\/em>. Ilustrovala Patricie KOUBSK\u00c1. U\u017e um\u00edm \u010d\u00edst (Fragment). Havl\u00ed\u010dk\u016fv Brod: Fragment, 2005. ISBN 80-253-0136-2.<\/li>\n<\/ol>\n<p style=\"font-weight: 400;\">Knihy v nakladatelstv\u00ed Bambook:<\/p>\n<ol>\n<li>HOROV\u00c1, Ladislava.&nbsp;<em>Poh\u00e1dky z pokoj\u00ed\u010dku<\/em>. Ilustrovala Patricie KOUBSK\u00c1. Poh\u00e1dkov\u00e9 \u010dten\u00ed (Bambook). Praha: Bambook, 2019. ISBN 978-80-271-2052-9<\/li>\n<\/ol>\n<p>&nbsp;<\/p>\n","protected":false},"excerpt":{"rendered":"<p>Ilustr\u00e1torka a v\u00fdtvarnice Mgr. Patricie Koubsk\u00e1 (*1973) se narodila v Kol\u00edn\u011b, vystudovala V\u00fdtvarnou \u0161kolu V\u00e1clava Hollara a pozd\u011bji Speci\u00e1ln\u00ed pedagogiku na PedF UK. S nakladatelstv\u00edm Port\u00e1l autorsky i ilustra\u010dn\u011b spolupracuje na mnoha knih\u00e1ch a pracovn\u00edch listech, p\u0159edev\u0161\u00edm ve spojitosti s p\u0159ed\u0161koln\u00ed pedagogikou, krom\u011b Port\u00e1lu pravideln\u011b spolupracuje i s nakladatelstv\u00edmi Fragment \u010di Nov\u00e9 M\u011bsto. Je \u010dlenkou [&hellip;]<\/p>\n","protected":false},"author":1,"featured_media":0,"parent":0,"menu_order":0,"comment_status":"closed","ping_status":"closed","template":"","meta":{"ngg_post_thumbnail":0,"footnotes":""},"_links":{"self":[{"href":"https:\/\/www.koubska.com\/index.php?rest_route=\/wp\/v2\/pages\/66"}],"collection":[{"href":"https:\/\/www.koubska.com\/index.php?rest_route=\/wp\/v2\/pages"}],"about":[{"href":"https:\/\/www.koubska.com\/index.php?rest_route=\/wp\/v2\/types\/page"}],"author":[{"embeddable":true,"href":"https:\/\/www.koubska.com\/index.php?rest_route=\/wp\/v2\/users\/1"}],"replies":[{"embeddable":true,"href":"https:\/\/www.koubska.com\/index.php?rest_route=%2Fwp%2Fv2%2Fcomments&post=66"}],"version-history":[{"count":5,"href":"https:\/\/www.koubska.com\/index.php?rest_route=\/wp\/v2\/pages\/66\/revisions"}],"predecessor-version":[{"id":205,"href":"https:\/\/www.koubska.com\/index.php?rest_route=\/wp\/v2\/pages\/66\/revisions\/205"}],"wp:attachment":[{"href":"https:\/\/www.koubska.com\/index.php?rest_route=%2Fwp%2Fv2%2Fmedia&parent=66"}],"curies":[{"name":"wp","href":"https:\/\/api.w.org\/{rel}","templated":true}]}}